{"id":547,"date":"2021-08-16T15:27:36","date_gmt":"2021-08-16T18:27:36","guid":{"rendered":"http:\/\/deaseg.com.br\/?page_id=547"},"modified":"2021-08-16T16:12:28","modified_gmt":"2021-08-16T19:12:28","slug":"alarmes-e-cftv","status":"publish","type":"page","link":"https:\/\/deaseg.com.br\/?page_id=547","title":{"rendered":"Alarmes e CFTV"},"content":{"rendered":"\t\t<div data-elementor-type=\"wp-post\" data-elementor-id=\"547\" class=\"elementor elementor-547\">\n\t\t\t\t\t\t<section class=\"elementor-section elementor-top-section elementor-element elementor-element-05e3917 elementor-section-height-min-height elementor-section-boxed elementor-section-height-default elementor-section-items-middle\" data-id=\"05e3917\" data-element_type=\"section\" data-settings=\"{&quot;background_background&quot;:&quot;classic&quot;}\">\n\t\t\t\t\t\t\t<div class=\"elementor-background-overlay\"><\/div>\n\t\t\t\t\t\t\t<div class=\"elementor-container elementor-column-gap-no\">\n\t\t\t\t\t<div class=\"elementor-column elementor-col-50 elementor-top-column elementor-element elementor-element-d8e155c\" data-id=\"d8e155c\" data-element_type=\"column\">\n\t\t\t<div class=\"elementor-widget-wrap elementor-element-populated\">\n\t\t\t\t\t\t<div class=\"elementor-element elementor-element-23a9be3 elementor-align-left elementor-widget elementor-widget-raven-heading\" data-id=\"23a9be3\" data-element_type=\"widget\" data-widget_type=\"raven-heading.default\">\n\t\t\t\t<div class=\"elementor-widget-container\">\n\t\t\t\t\t\t\t<div class=\"raven-widget-wrapper\"><h2 class=\"raven-heading raven-heading-h2\"><span class=\"raven-heading-title \">Alarmes e CFTV<\/span><\/h2><\/div>\r\n\t\t\t\t\t\t<\/div>\n\t\t\t\t<\/div>\n\t\t\t\t\t<\/div>\n\t\t<\/div>\n\t\t\t\t<div class=\"elementor-column elementor-col-50 elementor-top-column elementor-element elementor-element-c481d0f\" data-id=\"c481d0f\" data-element_type=\"column\">\n\t\t\t<div class=\"elementor-widget-wrap\">\n\t\t\t\t\t\t\t<\/div>\n\t\t<\/div>\n\t\t\t\t\t<\/div>\n\t\t<\/section>\n\t\t\t\t<section class=\"elementor-section elementor-top-section elementor-element elementor-element-a689606 elementor-section-boxed elementor-section-height-default elementor-section-height-default\" data-id=\"a689606\" data-element_type=\"section\">\n\t\t\t\t\t\t<div class=\"elementor-container elementor-column-gap-default\">\n\t\t\t\t\t<div class=\"elementor-column elementor-col-50 elementor-top-column elementor-element elementor-element-72e0076\" data-id=\"72e0076\" data-element_type=\"column\">\n\t\t\t<div class=\"elementor-widget-wrap elementor-element-populated\">\n\t\t\t\t\t\t<div class=\"elementor-element elementor-element-89def8c elementor-widget elementor-widget-raven-image\" data-id=\"89def8c\" data-element_type=\"widget\" data-widget_type=\"raven-image.default\">\n\t\t\t\t<div class=\"elementor-widget-container\">\n\t\t\t\t\t\t\t<div class=\"raven-image\">\r\n\t\t\r\n\t\t\r\n\t\t<img fetchpriority=\"high\" decoding=\"async\" width=\"1920\" height=\"1280\" src=\"https:\/\/deaseg.com.br\/wp-content\/uploads\/2021\/08\/cctv2.jpg\" class=\"attachment-full size-full wp-image-552\" alt=\"\" srcset=\"https:\/\/deaseg.com.br\/wp-content\/uploads\/2021\/08\/cctv2.jpg 1920w, https:\/\/deaseg.com.br\/wp-content\/uploads\/2021\/08\/cctv2-300x200.jpg 300w, https:\/\/deaseg.com.br\/wp-content\/uploads\/2021\/08\/cctv2-1024x683.jpg 1024w, https:\/\/deaseg.com.br\/wp-content\/uploads\/2021\/08\/cctv2-768x512.jpg 768w, https:\/\/deaseg.com.br\/wp-content\/uploads\/2021\/08\/cctv2-1536x1024.jpg 1536w\" sizes=\"(max-width: 1920px) 100vw, 1920px\" \/>\t\t<\/div>\r\n\t\t\t\t\t\t<\/div>\n\t\t\t\t<\/div>\n\t\t\t\t\t<\/div>\n\t\t<\/div>\n\t\t\t\t<div class=\"elementor-column elementor-col-50 elementor-top-column elementor-element elementor-element-662bc5f\" data-id=\"662bc5f\" data-element_type=\"column\">\n\t\t\t<div class=\"elementor-widget-wrap elementor-element-populated\">\n\t\t\t\t\t\t<div class=\"elementor-element elementor-element-7dd5010 elementor-mobile-align-center elementor-align-left elementor-widget elementor-widget-raven-heading\" data-id=\"7dd5010\" data-element_type=\"widget\" data-widget_type=\"raven-heading.default\">\n\t\t\t\t<div class=\"elementor-widget-container\">\n\t\t\t\t\t\t\t<div class=\"raven-widget-wrapper\"><h2 class=\"raven-heading raven-heading-h2\"><span class=\"raven-heading-title \">Alarmes e CFTV<\/span><\/h2><\/div>\r\n\t\t\t\t\t\t<\/div>\n\t\t\t\t<\/div>\n\t\t\t\t<div class=\"elementor-element elementor-element-9421b9b elementor-widget elementor-widget-text-editor\" data-id=\"9421b9b\" data-element_type=\"widget\" data-widget_type=\"text-editor.default\">\n\t\t\t\t<div class=\"elementor-widget-container\">\n\t\t\t\t\t\t\t\t\t<p><strong>O que \u00e9 um sistema CFTV?<\/strong><\/p><p>A sigla significa circuito fechado de televis\u00e3o, ou seja, consiste no monitoramento e controle de acesso que fazemos utilizando c\u00e2meras e sensores, que transmitem as imagens para um monitor.<\/p><p><strong>Qual a import\u00e2ncia da seguran\u00e7a eletr\u00f4nica?<\/strong><\/p><p>A grande vantagem do CFTV \u00e9 que ele permite monitorar em tempo real qualquer \u00e1rea, seja interna ou externa. A seguran\u00e7a eletr\u00f4nica minimiza a exposi\u00e7\u00e3o humana e aumenta a efici\u00eancia do monitoramento.<\/p><p><strong>Vantagens<\/strong><\/p><p>\u2022 Reduzir o risco de arrombamentos e invas\u00f5es<br \/>\u2022 Minimizar os custos do seguro<br \/>\u2022 Evitar poss\u00edveis atividades ou a\u00e7\u00f5es il\u00edcitas<br \/>\u2022 Aumentar a efici\u00eancia da vigil\u00e2ncia<\/p>\t\t\t\t\t\t\t\t<\/div>\n\t\t\t\t<\/div>\n\t\t\t\t<div class=\"elementor-element elementor-element-6610f4a elementor-mobile-align-center elementor-align-left elementor-widget elementor-widget-raven-heading\" data-id=\"6610f4a\" data-element_type=\"widget\" data-widget_type=\"raven-heading.default\">\n\t\t\t\t<div class=\"elementor-widget-container\">\n\t\t\t\t\t\t\t<div class=\"raven-widget-wrapper\"><h2 class=\"raven-heading raven-heading-h2\"><span class=\"raven-heading-title \">Como funciona?<\/span><\/h2><\/div>\r\n\t\t\t\t\t\t<\/div>\n\t\t\t\t<\/div>\n\t\t\t\t<div class=\"elementor-element elementor-element-a7f9af5 elementor-widget elementor-widget-text-editor\" data-id=\"a7f9af5\" data-element_type=\"widget\" data-widget_type=\"text-editor.default\">\n\t\t\t\t<div class=\"elementor-widget-container\">\n\t\t\t\t\t\t\t\t\t<p><strong>O que \u00e9 um sistema CFTV?<\/strong><\/p><p>A equipe DEASEG instala os equipamentos e monitora remotamente todas as c\u00e2meras instaladas, possibilitando uma a\u00e7\u00e3o r\u00e1pida sempre que for verificado alguma ocorr\u00eancia.<\/p><p>\u00a0<\/p>\t\t\t\t\t\t\t\t<\/div>\n\t\t\t\t<\/div>\n\t\t\t\t\t<\/div>\n\t\t<\/div>\n\t\t\t\t\t<\/div>\n\t\t<\/section>\n\t\t\t\t<\/div>\n\t\t","protected":false},"excerpt":{"rendered":"<p>Alarmes e CFTV Alarmes e CFTV O que \u00e9 um sistema CFTV? A sigla significa circuito fechado de televis\u00e3o, ou seja, consiste no monitoramento e controle de acesso que fazemos utilizando c\u00e2meras e sensores, que transmitem as imagens para um monitor. Qual a import\u00e2ncia da seguran\u00e7a eletr\u00f4nica? A grande vantagem do CFTV \u00e9 que ele [&hellip;]<\/p>\n","protected":false},"author":1,"featured_media":0,"parent":0,"menu_order":0,"comment_status":"closed","ping_status":"closed","template":"elementor_header_footer","meta":{"_acf_changed":false,"footnotes":""},"class_list":["post-547","page","type-page","status-publish","hentry"],"acf":[],"_links":{"self":[{"href":"https:\/\/deaseg.com.br\/index.php?rest_route=\/wp\/v2\/pages\/547","targetHints":{"allow":["GET"]}}],"collection":[{"href":"https:\/\/deaseg.com.br\/index.php?rest_route=\/wp\/v2\/pages"}],"about":[{"href":"https:\/\/deaseg.com.br\/index.php?rest_route=\/wp\/v2\/types\/page"}],"author":[{"embeddable":true,"href":"https:\/\/deaseg.com.br\/index.php?rest_route=\/wp\/v2\/users\/1"}],"replies":[{"embeddable":true,"href":"https:\/\/deaseg.com.br\/index.php?rest_route=%2Fwp%2Fv2%2Fcomments&post=547"}],"version-history":[{"count":9,"href":"https:\/\/deaseg.com.br\/index.php?rest_route=\/wp\/v2\/pages\/547\/revisions"}],"predecessor-version":[{"id":558,"href":"https:\/\/deaseg.com.br\/index.php?rest_route=\/wp\/v2\/pages\/547\/revisions\/558"}],"wp:attachment":[{"href":"https:\/\/deaseg.com.br\/index.php?rest_route=%2Fwp%2Fv2%2Fmedia&parent=547"}],"curies":[{"name":"wp","href":"https:\/\/api.w.org\/{rel}","templated":true}]}}