{"id":104,"date":"2018-08-15T14:51:44","date_gmt":"2018-08-15T14:51:44","guid":{"rendered":"https:\/\/jupiterx.artbees.net\/thebe\/?page_id=104"},"modified":"2025-08-18T09:55:17","modified_gmt":"2025-08-18T12:55:17","slug":"services","status":"publish","type":"page","link":"https:\/\/deaseg.com.br\/?page_id=104","title":{"rendered":"Monitoramento"},"content":{"rendered":"\t\t<div data-elementor-type=\"wp-post\" data-elementor-id=\"104\" class=\"elementor elementor-104\">\n\t\t\t\t\t\t<section class=\"elementor-section elementor-top-section elementor-element elementor-element-05e3917 elementor-section-height-min-height elementor-section-boxed elementor-section-height-default elementor-section-items-middle\" data-id=\"05e3917\" data-element_type=\"section\" data-settings=\"{&quot;background_background&quot;:&quot;classic&quot;}\">\n\t\t\t\t\t\t\t<div class=\"elementor-background-overlay\"><\/div>\n\t\t\t\t\t\t\t<div class=\"elementor-container elementor-column-gap-no\">\n\t\t\t\t\t<div class=\"elementor-column elementor-col-50 elementor-top-column elementor-element elementor-element-d8e155c\" data-id=\"d8e155c\" data-element_type=\"column\">\n\t\t\t<div class=\"elementor-widget-wrap elementor-element-populated\">\n\t\t\t\t\t\t<div class=\"elementor-element elementor-element-23a9be3 elementor-align-left elementor-widget elementor-widget-raven-heading\" data-id=\"23a9be3\" data-element_type=\"widget\" data-widget_type=\"raven-heading.default\">\n\t\t\t\t<div class=\"elementor-widget-container\">\n\t\t\t\t\t\t\t<div class=\"raven-widget-wrapper\"><h2 class=\"raven-heading raven-heading-h2\"><span class=\"raven-heading-title \">Monitoramento<\/span><\/h2><\/div>\r\n\t\t\t\t\t\t<\/div>\n\t\t\t\t<\/div>\n\t\t\t\t<div class=\"elementor-element elementor-element-7416be7 elementor-widget elementor-widget-text-editor\" data-id=\"7416be7\" data-element_type=\"widget\" data-widget_type=\"text-editor.default\">\n\t\t\t\t<div class=\"elementor-widget-container\">\n\t\t\t\t\t\t\t\t\t<p>Tudo que h\u00e1 de melhor e mais moderno para o monitoramento da sua casa ou empresa.<\/p>\t\t\t\t\t\t\t\t<\/div>\n\t\t\t\t<\/div>\n\t\t\t\t\t<\/div>\n\t\t<\/div>\n\t\t\t\t<div class=\"elementor-column elementor-col-50 elementor-top-column elementor-element elementor-element-c481d0f\" data-id=\"c481d0f\" data-element_type=\"column\">\n\t\t\t<div class=\"elementor-widget-wrap\">\n\t\t\t\t\t\t\t<\/div>\n\t\t<\/div>\n\t\t\t\t\t<\/div>\n\t\t<\/section>\n\t\t\t\t<section class=\"elementor-section elementor-top-section elementor-element elementor-element-a689606 elementor-section-boxed elementor-section-height-default elementor-section-height-default\" data-id=\"a689606\" data-element_type=\"section\">\n\t\t\t\t\t\t<div class=\"elementor-container elementor-column-gap-default\">\n\t\t\t\t\t<div class=\"elementor-column elementor-col-50 elementor-top-column elementor-element elementor-element-72e0076\" data-id=\"72e0076\" data-element_type=\"column\">\n\t\t\t<div class=\"elementor-widget-wrap elementor-element-populated\">\n\t\t\t\t\t\t<div class=\"elementor-element elementor-element-89def8c elementor-widget elementor-widget-raven-image\" data-id=\"89def8c\" data-element_type=\"widget\" data-widget_type=\"raven-image.default\">\n\t\t\t\t<div class=\"elementor-widget-container\">\n\t\t\t\t\t\t\t<div class=\"raven-image\">\r\n\t\t\r\n\t\t\r\n\t\t<img fetchpriority=\"high\" decoding=\"async\" width=\"960\" height=\"641\" src=\"https:\/\/deaseg.com.br\/wp-content\/uploads\/2021\/05\/residencial.jpg\" class=\"attachment-full size-full wp-image-392\" alt=\"\" srcset=\"https:\/\/deaseg.com.br\/wp-content\/uploads\/2021\/05\/residencial.jpg 960w, https:\/\/deaseg.com.br\/wp-content\/uploads\/2021\/05\/residencial-300x200.jpg 300w, https:\/\/deaseg.com.br\/wp-content\/uploads\/2021\/05\/residencial-768x513.jpg 768w\" sizes=\"(max-width: 960px) 100vw, 960px\" \/>\t\t<\/div>\r\n\t\t\t\t\t\t<\/div>\n\t\t\t\t<\/div>\n\t\t\t\t\t<\/div>\n\t\t<\/div>\n\t\t\t\t<div class=\"elementor-column elementor-col-50 elementor-top-column elementor-element elementor-element-662bc5f\" data-id=\"662bc5f\" data-element_type=\"column\">\n\t\t\t<div class=\"elementor-widget-wrap elementor-element-populated\">\n\t\t\t\t\t\t<div class=\"elementor-element elementor-element-7dd5010 elementor-mobile-align-center elementor-align-left elementor-widget elementor-widget-raven-heading\" data-id=\"7dd5010\" data-element_type=\"widget\" data-widget_type=\"raven-heading.default\">\n\t\t\t\t<div class=\"elementor-widget-container\">\n\t\t\t\t\t\t\t<div class=\"raven-widget-wrapper\"><h2 class=\"raven-heading raven-heading-h2\"><span class=\"raven-heading-title \">Residencial<\/span><\/h2><\/div>\r\n\t\t\t\t\t\t<\/div>\n\t\t\t\t<\/div>\n\t\t\t\t<div class=\"elementor-element elementor-element-9421b9b elementor-widget elementor-widget-text-editor\" data-id=\"9421b9b\" data-element_type=\"widget\" data-widget_type=\"text-editor.default\">\n\t\t\t\t<div class=\"elementor-widget-container\">\n\t\t\t\t\t\t\t\t\t<p class=\"Estilo15\" align=\"justify\">O monitoramento de alarmes residencial \u00e9 o principal investimento que voc\u00ea pode fazer no que h\u00e1 de mais importante, a seguran\u00e7a de sua fam\u00edlia. Afinal, nada \u00e9 mais valioso do que garantir uma vida mais tranquila para seus filhos e netos. Al\u00e9m disso, voc\u00ea estar\u00e1 protegendo seu patrim\u00f4nio.<\/p><p class=\"Estilo15\" align=\"justify\">A Deaseg oferece solu\u00e7\u00f5es de alta tecnologia e um atendimento diferenciado no monitoramento 24h, checagem de unidade de volante, monitoramento GPRS, monitoramento de imagem e ronda virtual.<\/p>\t\t\t\t\t\t\t\t<\/div>\n\t\t\t\t<\/div>\n\t\t\t\t\t<\/div>\n\t\t<\/div>\n\t\t\t\t\t<\/div>\n\t\t<\/section>\n\t\t\t\t<section class=\"elementor-section elementor-top-section elementor-element elementor-element-037897a elementor-section-boxed elementor-section-height-default elementor-section-height-default\" data-id=\"037897a\" data-element_type=\"section\" data-settings=\"{&quot;background_background&quot;:&quot;classic&quot;}\">\n\t\t\t\t\t\t<div class=\"elementor-container elementor-column-gap-default\">\n\t\t\t\t\t<div class=\"elementor-column elementor-col-50 elementor-top-column elementor-element elementor-element-847dc16\" data-id=\"847dc16\" data-element_type=\"column\">\n\t\t\t<div class=\"elementor-widget-wrap elementor-element-populated\">\n\t\t\t\t\t\t<div class=\"elementor-element elementor-element-7fa99cd elementor-mobile-align-center elementor-align-left elementor-widget elementor-widget-raven-heading\" data-id=\"7fa99cd\" data-element_type=\"widget\" data-widget_type=\"raven-heading.default\">\n\t\t\t\t<div class=\"elementor-widget-container\">\n\t\t\t\t\t\t\t<div class=\"raven-widget-wrapper\"><h2 class=\"raven-heading raven-heading-h2\"><span class=\"raven-heading-title \">Comercial<\/span><\/h2><\/div>\r\n\t\t\t\t\t\t<\/div>\n\t\t\t\t<\/div>\n\t\t\t\t<div class=\"elementor-element elementor-element-ab08573 elementor-widget elementor-widget-text-editor\" data-id=\"ab08573\" data-element_type=\"widget\" data-widget_type=\"text-editor.default\">\n\t\t\t\t<div class=\"elementor-widget-container\">\n\t\t\t\t\t\t\t\t\t<div id=\"geral2\"><div id=\"conteudoInterno2\"><div><p>O <strong>GRUPO DEASEG<\/strong> Monitoramento tem por finalidade protege todos os tipos de neg\u00f3cios, tais como, Bancos, Grandes e Pequenas Ind\u00fastrias, Condom\u00ednios, Com\u00e9rcios e Resid\u00eancias para gerarmos mais tranquilidade para voc\u00ea, seus funcion\u00e1rios, clientes e seu patrim\u00f4nio.<\/p><p>Para seu monitoramento o Grupo Deaseg oferece tecnologia de ponta proporcionando mais tranquilidade e conforto para o seu neg\u00f3cio.<\/p><p>Caso seja detectada uma tentativa de invas\u00e3o, a Central de Monitoramento DEASEG \u00e9 automaticamente acionada e inicia as provid\u00eancias necess\u00e1rias, previamente combinadas com o cliente, como: verificar a veracidade da ocorr\u00eancia, contatar o cliente ou pessoas por ele autorizadas, enviar equipes treinadas para o local e, se necess\u00e1rio, acionar autoridades competentes ou at\u00e9 mesmo socorro m\u00e9dico.<\/p><p>Sempre que a Central de Monitoramento DEASEG detectar o acionamento do alarme e por gerenciamento identificar uma invas\u00e3o, Unidades Volantes de Atendimento ser\u00e3o enviadas at\u00e9 o local para averigua\u00e7\u00e3o e inspe\u00e7\u00e3o.<\/p><p>As Unidades Volantes de Atendimento DEASEG possui uma frota de ve\u00edculos de pronto-atendimento e realizam dois importantes servi\u00e7os: a inspe\u00e7\u00e3o do local e verifica\u00e7\u00e3o do sistema de alarme.<\/p><\/div><\/div><\/div>\t\t\t\t\t\t\t\t<\/div>\n\t\t\t\t<\/div>\n\t\t\t\t\t<\/div>\n\t\t<\/div>\n\t\t\t\t<div class=\"elementor-column elementor-col-50 elementor-top-column elementor-element elementor-element-384558d\" data-id=\"384558d\" data-element_type=\"column\">\n\t\t\t<div class=\"elementor-widget-wrap elementor-element-populated\">\n\t\t\t\t\t\t<div class=\"elementor-element elementor-element-642b764 elementor-widget elementor-widget-raven-image\" data-id=\"642b764\" data-element_type=\"widget\" data-widget_type=\"raven-image.default\">\n\t\t\t\t<div class=\"elementor-widget-container\">\n\t\t\t\t\t\t\t<div class=\"raven-image\">\r\n\t\t\r\n\t\t\r\n\t\t<img decoding=\"async\" width=\"700\" height=\"450\" src=\"https:\/\/deaseg.com.br\/wp-content\/uploads\/2022\/02\/comercial.jpg\" class=\"attachment-full size-full wp-image-742\" alt=\"\" srcset=\"https:\/\/deaseg.com.br\/wp-content\/uploads\/2022\/02\/comercial.jpg 700w, https:\/\/deaseg.com.br\/wp-content\/uploads\/2022\/02\/comercial-300x193.jpg 300w\" sizes=\"(max-width: 700px) 100vw, 700px\" \/>\t\t<\/div>\r\n\t\t\t\t\t\t<\/div>\n\t\t\t\t<\/div>\n\t\t\t\t<div class=\"elementor-element elementor-element-23b2ff3 elementor-widget elementor-widget-raven-image\" data-id=\"23b2ff3\" data-element_type=\"widget\" data-widget_type=\"raven-image.default\">\n\t\t\t\t<div class=\"elementor-widget-container\">\n\t\t\t\t\t\t\t<div class=\"raven-image\">\r\n\t\t\r\n\t\t\r\n\t\t<img decoding=\"async\" width=\"960\" height=\"540\" src=\"https:\/\/deaseg.com.br\/wp-content\/uploads\/2021\/05\/empresarial.jpg\" class=\"attachment-full size-full wp-image-393\" alt=\"\" srcset=\"https:\/\/deaseg.com.br\/wp-content\/uploads\/2021\/05\/empresarial.jpg 960w, https:\/\/deaseg.com.br\/wp-content\/uploads\/2021\/05\/empresarial-300x169.jpg 300w, https:\/\/deaseg.com.br\/wp-content\/uploads\/2021\/05\/empresarial-768x432.jpg 768w\" sizes=\"(max-width: 960px) 100vw, 960px\" \/>\t\t<\/div>\r\n\t\t\t\t\t\t<\/div>\n\t\t\t\t<\/div>\n\t\t\t\t\t<\/div>\n\t\t<\/div>\n\t\t\t\t\t<\/div>\n\t\t<\/section>\n\t\t\t\t<section class=\"elementor-section elementor-top-section elementor-element elementor-element-4bade63 elementor-section-boxed elementor-section-height-default elementor-section-height-default\" data-id=\"4bade63\" data-element_type=\"section\">\n\t\t\t\t\t\t<div class=\"elementor-container elementor-column-gap-default\">\n\t\t\t\t\t<div class=\"elementor-column elementor-col-50 elementor-top-column elementor-element elementor-element-8834266\" data-id=\"8834266\" data-element_type=\"column\">\n\t\t\t<div class=\"elementor-widget-wrap elementor-element-populated\">\n\t\t\t\t\t\t<div class=\"elementor-element elementor-element-d8dc8ee elementor-widget elementor-widget-raven-image\" data-id=\"d8dc8ee\" data-element_type=\"widget\" data-widget_type=\"raven-image.default\">\n\t\t\t\t<div class=\"elementor-widget-container\">\n\t\t\t\t\t\t\t<div class=\"raven-image\">\r\n\t\t\r\n\t\t\r\n\t\t<img loading=\"lazy\" decoding=\"async\" width=\"752\" height=\"342\" src=\"https:\/\/deaseg.com.br\/wp-content\/uploads\/2022\/02\/tecnicos.jpeg\" class=\"attachment-full size-full wp-image-743\" alt=\"\" srcset=\"https:\/\/deaseg.com.br\/wp-content\/uploads\/2022\/02\/tecnicos.jpeg 752w, https:\/\/deaseg.com.br\/wp-content\/uploads\/2022\/02\/tecnicos-300x136.jpeg 300w\" sizes=\"(max-width: 752px) 100vw, 752px\" \/>\t\t<\/div>\r\n\t\t\t\t\t\t<\/div>\n\t\t\t\t<\/div>\n\t\t\t\t<div class=\"elementor-element elementor-element-f3b4364 elementor-widget elementor-widget-raven-image\" data-id=\"f3b4364\" data-element_type=\"widget\" data-widget_type=\"raven-image.default\">\n\t\t\t\t<div class=\"elementor-widget-container\">\n\t\t\t\t\t\t\t<div class=\"raven-image\">\r\n\t\t\r\n\t\t\r\n\t\t<img loading=\"lazy\" decoding=\"async\" width=\"526\" height=\"275\" src=\"https:\/\/deaseg.com.br\/wp-content\/uploads\/2022\/02\/carros-tecnico-1.jpg\" class=\"attachment-full size-full wp-image-755\" alt=\"\" srcset=\"https:\/\/deaseg.com.br\/wp-content\/uploads\/2022\/02\/carros-tecnico-1.jpg 526w, https:\/\/deaseg.com.br\/wp-content\/uploads\/2022\/02\/carros-tecnico-1-300x157.jpg 300w\" sizes=\"(max-width: 526px) 100vw, 526px\" \/>\t\t<\/div>\r\n\t\t\t\t\t\t<\/div>\n\t\t\t\t<\/div>\n\t\t\t\t\t<\/div>\n\t\t<\/div>\n\t\t\t\t<div class=\"elementor-column elementor-col-50 elementor-top-column elementor-element elementor-element-e1420b1\" data-id=\"e1420b1\" data-element_type=\"column\">\n\t\t\t<div class=\"elementor-widget-wrap elementor-element-populated\">\n\t\t\t\t\t\t<div class=\"elementor-element elementor-element-f4cb7a2 elementor-mobile-align-center elementor-align-left elementor-widget elementor-widget-raven-heading\" data-id=\"f4cb7a2\" data-element_type=\"widget\" data-widget_type=\"raven-heading.default\">\n\t\t\t\t<div class=\"elementor-widget-container\">\n\t\t\t\t\t\t\t<div class=\"raven-widget-wrapper\"><h2 class=\"raven-heading raven-heading-h2\"><span class=\"raven-heading-title \">INDUSTRIAL \/ EMPRESARIAL E CONDOMINIOS<\/span><\/h2><\/div>\r\n\t\t\t\t\t\t<\/div>\n\t\t\t\t<\/div>\n\t\t\t\t<div class=\"elementor-element elementor-element-ef2e9a7 elementor-widget elementor-widget-text-editor\" data-id=\"ef2e9a7\" data-element_type=\"widget\" data-widget_type=\"text-editor.default\">\n\t\t\t\t<div class=\"elementor-widget-container\">\n\t\t\t\t\t\t\t\t\t<p>O <strong>GRUPO DEASEG<\/strong> possui um departamento de engenharia especializada em solu\u00e7\u00f5es para Projetos de m\u00e9dio e grande porte, como infraestrutura e implanta\u00e7\u00e3o de sistemas de seguran\u00e7a e monitoramento 24 horas\u00a0 para os setores, oferecendo infraestrutura e execu\u00e7\u00e3o.<\/p><p>Com tecnologia de ponta e uma equipe de engenheiros altamente capacitada, desenvolvemos consultorias e projetos personalizados que melhor se adaptam \u00e0s necessidades de cada cliente.<\/p><p>O conceito de seguran\u00e7a empresarial pode ser definido como um conjunto de medidas destinadas a proteger os ativos tang\u00edveis e intang\u00edveis de uma empresa, contra amea\u00e7as decorrentes de a\u00e7\u00f5es intencionais ou acidentais, visando garantir a continuidade dos neg\u00f3cios da empresa.<\/p><p>Em nossos conceitos a seguran\u00e7a \u00e9 um fator imprescind\u00edvel para a sa\u00fade de uma empresa, uma vez que as atividades se desenvolvem de forma muito mais satisfat\u00f3ria quando as informa\u00e7\u00f5es, o patrim\u00f4nio e os funcion\u00e1rios est\u00e3o seguros. Podemos dizer que a seguran\u00e7a empresarial possui tr\u00eas dimens\u00f5es classificadas:<\/p><ul><li>Seguran\u00e7a F\u00edsica ( Patrimonial )<\/li><li>Seguran\u00e7a estrat\u00e9gica ( Intelig\u00eancia )<\/li><li>Seguran\u00e7a especial ( Complementar )<\/li><\/ul>\t\t\t\t\t\t\t\t<\/div>\n\t\t\t\t<\/div>\n\t\t\t\t\t<\/div>\n\t\t<\/div>\n\t\t\t\t\t<\/div>\n\t\t<\/section>\n\t\t\t\t<section class=\"elementor-section elementor-top-section elementor-element elementor-element-deef2f0 elementor-section-stretched elementor-section-height-min-height elementor-section-boxed elementor-section-height-default elementor-section-items-middle\" data-id=\"deef2f0\" data-element_type=\"section\" data-settings=\"{&quot;stretch_section&quot;:&quot;section-stretched&quot;,&quot;background_background&quot;:&quot;classic&quot;}\">\n\t\t\t\t\t\t<div class=\"elementor-container elementor-column-gap-default\">\n\t\t\t\t\t<div class=\"elementor-column elementor-col-50 elementor-top-column elementor-element elementor-element-f948851\" data-id=\"f948851\" data-element_type=\"column\">\n\t\t\t<div class=\"elementor-widget-wrap elementor-element-populated\">\n\t\t\t\t\t\t<div class=\"elementor-element elementor-element-289683d elementor-align-left elementor-widget elementor-widget-raven-heading\" data-id=\"289683d\" data-element_type=\"widget\" data-widget_type=\"raven-heading.default\">\n\t\t\t\t<div class=\"elementor-widget-container\">\n\t\t\t\t\t\t\t<div class=\"raven-widget-wrapper\"><h2 class=\"raven-heading raven-heading-h2\"><span class=\"raven-heading-title \">Temos o servi\u00e7o perfeito pra voc\u00ea<\/span><\/h2><\/div>\r\n\t\t\t\t\t\t<\/div>\n\t\t\t\t<\/div>\n\t\t\t\t<div class=\"elementor-element elementor-element-afe79ef elementor-widget elementor-widget-text-editor\" data-id=\"afe79ef\" data-element_type=\"widget\" data-widget_type=\"text-editor.default\">\n\t\t\t\t<div class=\"elementor-widget-container\">\n\t\t\t\t\t\t\t\t\t<p>Entre em contato com nossos especialistas.<\/p>\t\t\t\t\t\t\t\t<\/div>\n\t\t\t\t<\/div>\n\t\t\t\t\t<\/div>\n\t\t<\/div>\n\t\t\t\t<div class=\"elementor-column elementor-col-50 elementor-top-column elementor-element elementor-element-5185dca\" data-id=\"5185dca\" data-element_type=\"column\">\n\t\t\t<div class=\"elementor-widget-wrap elementor-element-populated\">\n\t\t\t\t\t\t<div class=\"elementor-element elementor-element-8e704d5 elementor-align-center elementor-widget elementor-widget-raven-button\" data-id=\"8e704d5\" data-element_type=\"widget\" data-settings=\"{&quot;turn_to_popup_action_button&quot;:&quot;no&quot;}\" data-widget_type=\"raven-button.default\">\n\t\t\t\t<div class=\"elementor-widget-container\">\n\t\t\t\t\t\t\t<div class=\"raven-widget-wrapper\">\r\n\t\t\t<a class=\"raven-button raven-button-widget-normal-effect-none  raven-button-text-align-center raven-button-link elementor-animation-grow\" href=\"https:\/\/api.whatsapp.com\/send?phone=5511913746104\">\t\t\t\t<div class=\"raven-button-overlay\" ><\/div>\r\n\t\t\t\t<span class=\"raven-button-content\">\r\n\t\t\t\t\t\r\n\t\t\t\t\t<div class=\"button-text-container\">\r\n\t\t\t\t\t\t\t\t\t<span class=\"raven-button-icon raven-button-icon-position-left\">\r\n\t\t\t\t<i aria-hidden=\"true\" class=\"fab fa-whatsapp\"><\/i>\t\t\t<\/span>\r\n\t\t\t\t\t\t\t\t<div class=\"raven-button-texts-wrapper\">\r\n\t\t\t\t\t\t\t<div class=\"button-text\">\r\n\t\t\t\t\t\t\t\t<span class=\"raven-button-text\">\r\n\t\t\t\t\t\t\t\t\tFale conosco\t\t\t\t\t\t\t\t<\/span>\r\n\t\t\t\t\t\t\t<\/div>\r\n\t\t\t\t\t\t\t\t\t\t\t\t\t<\/div>\r\n\t\t\t\t\t\t\t\t\t\t\t<\/div>\r\n\t\t\t\t\t\r\n\t\t\t\t\t\t\t\t\t<\/span>\r\n\t\t\t<\/a>\t\t<\/div>\r\n\t\t\t\t\t\t<\/div>\n\t\t\t\t<\/div>\n\t\t\t\t\t<\/div>\n\t\t<\/div>\n\t\t\t\t\t<\/div>\n\t\t<\/section>\n\t\t\t\t<\/div>\n\t\t","protected":false},"excerpt":{"rendered":"<p>Monitoramento Tudo que h\u00e1 de melhor e mais moderno para o monitoramento da sua casa ou empresa. Residencial O monitoramento de alarmes residencial \u00e9 o principal investimento que voc\u00ea pode fazer no que h\u00e1 de mais importante, a seguran\u00e7a de sua fam\u00edlia. Afinal, nada \u00e9 mais valioso do que garantir uma vida mais tranquila para [&hellip;]<\/p>\n","protected":false},"author":1,"featured_media":0,"parent":0,"menu_order":0,"comment_status":"closed","ping_status":"closed","template":"elementor_header_footer","meta":{"_acf_changed":false,"footnotes":""},"class_list":["post-104","page","type-page","status-publish","hentry"],"acf":[],"_links":{"self":[{"href":"https:\/\/deaseg.com.br\/index.php?rest_route=\/wp\/v2\/pages\/104","targetHints":{"allow":["GET"]}}],"collection":[{"href":"https:\/\/deaseg.com.br\/index.php?rest_route=\/wp\/v2\/pages"}],"about":[{"href":"https:\/\/deaseg.com.br\/index.php?rest_route=\/wp\/v2\/types\/page"}],"author":[{"embeddable":true,"href":"https:\/\/deaseg.com.br\/index.php?rest_route=\/wp\/v2\/users\/1"}],"replies":[{"embeddable":true,"href":"https:\/\/deaseg.com.br\/index.php?rest_route=%2Fwp%2Fv2%2Fcomments&post=104"}],"version-history":[{"count":41,"href":"https:\/\/deaseg.com.br\/index.php?rest_route=\/wp\/v2\/pages\/104\/revisions"}],"predecessor-version":[{"id":833,"href":"https:\/\/deaseg.com.br\/index.php?rest_route=\/wp\/v2\/pages\/104\/revisions\/833"}],"wp:attachment":[{"href":"https:\/\/deaseg.com.br\/index.php?rest_route=%2Fwp%2Fv2%2Fmedia&parent=104"}],"curies":[{"name":"wp","href":"https:\/\/api.w.org\/{rel}","templated":true}]}}